{"id":6,"date":"2020-12-13T10:26:59","date_gmt":"2020-12-13T10:26:59","guid":{"rendered":"http:\/\/www.metqbilisim.com\/?page_id=6"},"modified":"2020-12-13T20:49:22","modified_gmt":"2020-12-13T17:49:22","slug":"yeni-umoma-kapilarini-aciyor-2","status":"publish","type":"page","link":"https:\/\/www.metqbilisim.com\/","title":{"rendered":"METQ Bili\u015fim &#038; G\u00fcvenlik Sistemleri"},"content":{"rendered":"\n<p><\/p>\n\n\n\n<div class=\"wp-block-group alignwide\"><div class=\"wp-block-group__inner-container is-layout-flow wp-block-group-is-layout-flow\">\n<h2 class=\"has-text-align-center wp-block-heading\"><\/h2>\n<\/div><\/div>\n\n\n\n<div class=\"wp-block-columns alignwide is-layout-flex wp-container-core-columns-is-layout-1 wp-block-columns-is-layout-flex\">\n<div class=\"wp-block-column is-layout-flow wp-block-column-is-layout-flow\">\n<div class=\"wp-block-group\"><div class=\"wp-block-group__inner-container is-layout-flow wp-block-group-is-layout-flow\">\n<figure class=\"wp-block-image alignfull size-large\"><img loading=\"lazy\" decoding=\"async\" width=\"308\" height=\"308\" src=\"http:\/\/www.metqbilisim.com\/wp-content\/uploads\/2020\/12\/a1.jpg\" alt=\"\" class=\"wp-image-40\" srcset=\"https:\/\/www.metqbilisim.com\/wp-content\/uploads\/2020\/12\/a1.jpg 308w, https:\/\/www.metqbilisim.com\/wp-content\/uploads\/2020\/12\/a1-300x300.jpg 300w, https:\/\/www.metqbilisim.com\/wp-content\/uploads\/2020\/12\/a1-150x150.jpg 150w\" sizes=\"auto, (max-width: 308px) 100vw, 308px\" \/><\/figure>\n\n\n\n<h3 class=\"wp-block-heading\">YER\u0130NDE KE\u015e\u0130F<\/h3>\n\n\n\n<p>G\u00fcvenlik kameras\u0131 sistemleri taleplerinizde yerinde ke\u015fif yap\u0131lmaktad\u0131r. Hangi g\u00fcvenlik kameras\u0131 nereye birlikte karar veriyoruz. Yap\u0131lan \u00f6l\u00e7\u00fcmler ve fikirleri not ediyoruz ve sonras\u0131nda kullanmak \u00fczere size sunuyoruz.<\/p>\n\n\n\n<div class=\"wp-block-button is-style-outline is-style-outline--1\"><a class=\"wp-block-button__link\" href=\"http:\/\/www.metqbilisim.com\/\">ANA SAYFA<\/a><\/div>\n<\/div><\/div>\n\n\n\n<div class=\"wp-block-group\"><div class=\"wp-block-group__inner-container is-layout-flow wp-block-group-is-layout-flow\">\n<figure class=\"wp-block-image alignfull size-large\"><img loading=\"lazy\" decoding=\"async\" width=\"700\" height=\"420\" src=\"http:\/\/www.metqbilisim.com\/wp-content\/uploads\/2020\/12\/laptop-teknik-servis-2.jpg\" alt=\"\" class=\"wp-image-47\" srcset=\"https:\/\/www.metqbilisim.com\/wp-content\/uploads\/2020\/12\/laptop-teknik-servis-2.jpg 700w, https:\/\/www.metqbilisim.com\/wp-content\/uploads\/2020\/12\/laptop-teknik-servis-2-300x180.jpg 300w\" sizes=\"auto, (max-width: 700px) 100vw, 700px\" \/><\/figure>\n\n\n\n<h3 class=\"wp-block-heading\">Diz\u00fcst\u00fc Bilgisayar Teknik Servis<\/h3>\n\n\n\n<p>Diz\u00fcst\u00fc bilgisayar tamiri hizmetlerimizi  METQ Bili\u015fim olarak Hizmet vermeye devam ediyoruz. Notebook servisi, laptop servisi, laptop tamiri hizmetlerimizi g\u00fcvenilir ve i\u015finde uzman personelimiz ile veriyoruz. Diz\u00fcst\u00fc bilgisayar ayr\u0131 uzmanl\u0131k gerektiren aland\u0131r. Bu a\u00e7\u0131dan i\u015fini iyi bilen ve yapan profesyonellere bilgisayar\u0131n\u0131z\u0131 tamir i\u00e7in teslim ediyor olman\u0131z\u0131n size verece\u011fi g\u00fcvene inan\u0131n.<\/p>\n\n\n\n<div class=\"wp-block-button is-style-outline is-style-outline--2\"><a class=\"wp-block-button__link\" href=\"http:\/\/www.metqbilisim.com\/\">ANA SAYFA<\/a><\/div>\n<\/div><\/div>\n<\/div>\n\n\n\n<div class=\"wp-block-column is-layout-flow wp-block-column-is-layout-flow\">\n<div class=\"wp-block-group\"><div class=\"wp-block-group__inner-container is-layout-flow wp-block-group-is-layout-flow\">\n<figure class=\"wp-block-image alignfull size-large\"><img loading=\"lazy\" decoding=\"async\" width=\"308\" height=\"308\" src=\"http:\/\/www.metqbilisim.com\/wp-content\/uploads\/2020\/12\/a2.jpg\" alt=\"\" class=\"wp-image-41\" srcset=\"https:\/\/www.metqbilisim.com\/wp-content\/uploads\/2020\/12\/a2.jpg 308w, https:\/\/www.metqbilisim.com\/wp-content\/uploads\/2020\/12\/a2-300x300.jpg 300w, https:\/\/www.metqbilisim.com\/wp-content\/uploads\/2020\/12\/a2-150x150.jpg 150w\" sizes=\"auto, (max-width: 308px) 100vw, 308px\" \/><\/figure>\n\n\n\n<h3 class=\"wp-block-heading\">PROFESYONEL H\u0130ZMET<\/h3>\n\n\n\n<p>METQ Bili\u015fim olarak t\u00fcm bili\u015fim hizmetlerimiz alan\u0131nda uzman \u00e7al\u0131\u015fanlar\u0131m\u0131z taraf\u0131ndan yap\u0131lmaktad\u0131r. Sertifikasyon sistemlerine dahil \u00e7al\u0131\u015fanlar\u0131m\u0131z ile en do\u011fru ve en h\u0131zl\u0131 sistemi sizin i\u00e7in tasarl\u0131yor ve hayata ge\u00e7iriyoruz.<\/p>\n\n\n\n<div class=\"wp-block-button is-style-outline is-style-outline--3\"><a class=\"wp-block-button__link\" href=\"http:\/\/www.metqbilisim.com\/\">ANA SAYFA<\/a><\/div>\n<\/div><\/div>\n\n\n\n<div class=\"wp-block-group\"><div class=\"wp-block-group__inner-container is-layout-flow wp-block-group-is-layout-flow\">\n<figure class=\"wp-block-image alignfull size-large\"><img loading=\"lazy\" decoding=\"async\" width=\"700\" height=\"420\" src=\"http:\/\/www.metqbilisim.com\/wp-content\/uploads\/2020\/12\/veri-kurtarma-3.jpg\" alt=\"\" class=\"wp-image-49\" srcset=\"https:\/\/www.metqbilisim.com\/wp-content\/uploads\/2020\/12\/veri-kurtarma-3.jpg 700w, https:\/\/www.metqbilisim.com\/wp-content\/uploads\/2020\/12\/veri-kurtarma-3-300x180.jpg 300w\" sizes=\"auto, (max-width: 700px) 100vw, 700px\" \/><\/figure>\n\n\n\n<h3 class=\"wp-block-heading\">Veri Kurtarma<\/h3>\n\n\n\n<p>Yanl\u0131\u015fl\u0131kla silinmi\u015f dosya, \u00e7\u00f6km\u00fc\u015f, a\u00e7\u0131lmayan, bozuk masa\u00fcst\u00fc bilgisayar veya diz\u00fcst\u00fc bilgisayarlar\u0131n\u0131zdaki \u00f6nemli verilerinizi g\u00fcvenle kurtarmak i\u00e7in METQ Bili\u015fim olarak gerekli hassasiyet ve profesyonelli\u011fi g\u00f6stererek hizmet veriyoruz. Verilerinizi kurtar\u0131rken ki\u015fisel verilerin korunmas\u0131 kanununu bilen profesyonel \u00e7al\u0131\u015fanlar\u0131m\u0131za emanet ediyoruz.<\/p>\n\n\n\n<div class=\"wp-block-button is-style-outline is-style-outline--4\"><a class=\"wp-block-button__link\" href=\"http:\/\/www.metqbilisim.com\/\">ANA SAYFA<\/a><\/div>\n<\/div><\/div>\n<\/div>\n<\/div>\n\n\n\n<figure class=\"wp-block-image alignfull size-large\"><img loading=\"lazy\" decoding=\"async\" width=\"718\" height=\"1024\" src=\"http:\/\/www.metqbilisim.com\/wp-content\/uploads\/2020\/12\/WhatsApp-Image-2020-12-13-at-13.13.07-718x1024.jpeg\" alt=\"\" class=\"wp-image-46\" srcset=\"https:\/\/www.metqbilisim.com\/wp-content\/uploads\/2020\/12\/WhatsApp-Image-2020-12-13-at-13.13.07-718x1024.jpeg 718w, https:\/\/www.metqbilisim.com\/wp-content\/uploads\/2020\/12\/WhatsApp-Image-2020-12-13-at-13.13.07-210x300.jpeg 210w, https:\/\/www.metqbilisim.com\/wp-content\/uploads\/2020\/12\/WhatsApp-Image-2020-12-13-at-13.13.07-768x1095.jpeg 768w, https:\/\/www.metqbilisim.com\/wp-content\/uploads\/2020\/12\/WhatsApp-Image-2020-12-13-at-13.13.07.jpeg 785w\" sizes=\"auto, (max-width: 718px) 100vw, 718px\" \/><\/figure>\n\n\n\n<div class=\"wp-block-group alignwide\"><div class=\"wp-block-group__inner-container is-layout-flow wp-block-group-is-layout-flow\">\n<h2 class=\"has-text-align-center has-accent-color has-text-color wp-block-heading\"><\/h2>\n<\/div><\/div>\n\n\n\n<p class=\"has-drop-cap\"><\/p>\n\n\n\n<figure class=\"wp-block-gallery alignwide columns-3 is-cropped wp-block-gallery-5 is-layout-flex wp-block-gallery-is-layout-flex\"><ul class=\"blocks-gallery-grid\"><li class=\"blocks-gallery-item\"><figure><img loading=\"lazy\" decoding=\"async\" width=\"718\" height=\"1024\" src=\"http:\/\/www.metqbilisim.com\/wp-content\/uploads\/2020\/12\/WhatsApp-Image-2020-12-13-at-13.13.07-1-718x1024.jpeg\" alt=\"\" data-id=\"51\" data-full-url=\"http:\/\/www.metqbilisim.com\/wp-content\/uploads\/2020\/12\/WhatsApp-Image-2020-12-13-at-13.13.07-1.jpeg\" data-link=\"http:\/\/www.metqbilisim.com\/?attachment_id=51\" class=\"wp-image-51\" srcset=\"https:\/\/www.metqbilisim.com\/wp-content\/uploads\/2020\/12\/WhatsApp-Image-2020-12-13-at-13.13.07-1-718x1024.jpeg 718w, https:\/\/www.metqbilisim.com\/wp-content\/uploads\/2020\/12\/WhatsApp-Image-2020-12-13-at-13.13.07-1-210x300.jpeg 210w, https:\/\/www.metqbilisim.com\/wp-content\/uploads\/2020\/12\/WhatsApp-Image-2020-12-13-at-13.13.07-1-768x1095.jpeg 768w, https:\/\/www.metqbilisim.com\/wp-content\/uploads\/2020\/12\/WhatsApp-Image-2020-12-13-at-13.13.07-1.jpeg 785w\" sizes=\"auto, (max-width: 718px) 100vw, 718px\" \/><\/figure><\/li><li class=\"blocks-gallery-item\"><figure><img loading=\"lazy\" decoding=\"async\" width=\"1024\" height=\"768\" src=\"http:\/\/www.metqbilisim.com\/wp-content\/uploads\/2020\/12\/WhatsApp-Image-2020-12-13-at-13.12.12-1024x768.jpeg\" alt=\"\" data-id=\"52\" data-full-url=\"http:\/\/www.metqbilisim.com\/wp-content\/uploads\/2020\/12\/WhatsApp-Image-2020-12-13-at-13.12.12.jpeg\" data-link=\"http:\/\/www.metqbilisim.com\/?attachment_id=52\" class=\"wp-image-52\" srcset=\"https:\/\/www.metqbilisim.com\/wp-content\/uploads\/2020\/12\/WhatsApp-Image-2020-12-13-at-13.12.12-1024x768.jpeg 1024w, https:\/\/www.metqbilisim.com\/wp-content\/uploads\/2020\/12\/WhatsApp-Image-2020-12-13-at-13.12.12-300x225.jpeg 300w, https:\/\/www.metqbilisim.com\/wp-content\/uploads\/2020\/12\/WhatsApp-Image-2020-12-13-at-13.12.12-768x576.jpeg 768w, https:\/\/www.metqbilisim.com\/wp-content\/uploads\/2020\/12\/WhatsApp-Image-2020-12-13-at-13.12.12-1536x1152.jpeg 1536w, https:\/\/www.metqbilisim.com\/wp-content\/uploads\/2020\/12\/WhatsApp-Image-2020-12-13-at-13.12.12-1200x900.jpeg 1200w, https:\/\/www.metqbilisim.com\/wp-content\/uploads\/2020\/12\/WhatsApp-Image-2020-12-13-at-13.12.12.jpeg 1600w\" sizes=\"auto, (max-width: 1024px) 100vw, 1024px\" \/><\/figure><\/li><li class=\"blocks-gallery-item\"><figure><img loading=\"lazy\" decoding=\"async\" width=\"1024\" height=\"768\" src=\"http:\/\/www.metqbilisim.com\/wp-content\/uploads\/2020\/12\/WhatsApp-Image-2020-12-13-at-13.12.11-1-1024x768.jpeg\" alt=\"\" data-id=\"53\" data-full-url=\"http:\/\/www.metqbilisim.com\/wp-content\/uploads\/2020\/12\/WhatsApp-Image-2020-12-13-at-13.12.11-1.jpeg\" data-link=\"http:\/\/www.metqbilisim.com\/?attachment_id=53\" class=\"wp-image-53\" srcset=\"https:\/\/www.metqbilisim.com\/wp-content\/uploads\/2020\/12\/WhatsApp-Image-2020-12-13-at-13.12.11-1-1024x768.jpeg 1024w, https:\/\/www.metqbilisim.com\/wp-content\/uploads\/2020\/12\/WhatsApp-Image-2020-12-13-at-13.12.11-1-300x225.jpeg 300w, https:\/\/www.metqbilisim.com\/wp-content\/uploads\/2020\/12\/WhatsApp-Image-2020-12-13-at-13.12.11-1-768x576.jpeg 768w, https:\/\/www.metqbilisim.com\/wp-content\/uploads\/2020\/12\/WhatsApp-Image-2020-12-13-at-13.12.11-1-1536x1152.jpeg 1536w, https:\/\/www.metqbilisim.com\/wp-content\/uploads\/2020\/12\/WhatsApp-Image-2020-12-13-at-13.12.11-1-1200x900.jpeg 1200w, https:\/\/www.metqbilisim.com\/wp-content\/uploads\/2020\/12\/WhatsApp-Image-2020-12-13-at-13.12.11-1.jpeg 1600w\" sizes=\"auto, (max-width: 1024px) 100vw, 1024px\" \/><\/figure><\/li><li class=\"blocks-gallery-item\"><figure><img loading=\"lazy\" decoding=\"async\" width=\"1024\" height=\"768\" src=\"http:\/\/www.metqbilisim.com\/wp-content\/uploads\/2020\/12\/WhatsApp-Image-2020-12-13-at-13.12.11-1024x768.jpeg\" alt=\"\" data-id=\"54\" data-full-url=\"http:\/\/www.metqbilisim.com\/wp-content\/uploads\/2020\/12\/WhatsApp-Image-2020-12-13-at-13.12.11.jpeg\" data-link=\"http:\/\/www.metqbilisim.com\/?attachment_id=54\" class=\"wp-image-54\" srcset=\"https:\/\/www.metqbilisim.com\/wp-content\/uploads\/2020\/12\/WhatsApp-Image-2020-12-13-at-13.12.11-1024x768.jpeg 1024w, https:\/\/www.metqbilisim.com\/wp-content\/uploads\/2020\/12\/WhatsApp-Image-2020-12-13-at-13.12.11-300x225.jpeg 300w, https:\/\/www.metqbilisim.com\/wp-content\/uploads\/2020\/12\/WhatsApp-Image-2020-12-13-at-13.12.11-768x576.jpeg 768w, https:\/\/www.metqbilisim.com\/wp-content\/uploads\/2020\/12\/WhatsApp-Image-2020-12-13-at-13.12.11-1536x1152.jpeg 1536w, https:\/\/www.metqbilisim.com\/wp-content\/uploads\/2020\/12\/WhatsApp-Image-2020-12-13-at-13.12.11-1200x900.jpeg 1200w, https:\/\/www.metqbilisim.com\/wp-content\/uploads\/2020\/12\/WhatsApp-Image-2020-12-13-at-13.12.11.jpeg 1600w\" sizes=\"auto, (max-width: 1024px) 100vw, 1024px\" \/><\/figure><\/li><li class=\"blocks-gallery-item\"><figure><img loading=\"lazy\" decoding=\"async\" width=\"1024\" height=\"874\" src=\"http:\/\/www.metqbilisim.com\/wp-content\/uploads\/2020\/12\/WhatsApp-Image-2020-12-13-at-13.12.10-1024x874.jpeg\" alt=\"\" data-id=\"55\" data-full-url=\"http:\/\/www.metqbilisim.com\/wp-content\/uploads\/2020\/12\/WhatsApp-Image-2020-12-13-at-13.12.10.jpeg\" data-link=\"http:\/\/www.metqbilisim.com\/?attachment_id=55\" class=\"wp-image-55\" srcset=\"https:\/\/www.metqbilisim.com\/wp-content\/uploads\/2020\/12\/WhatsApp-Image-2020-12-13-at-13.12.10-1024x874.jpeg 1024w, https:\/\/www.metqbilisim.com\/wp-content\/uploads\/2020\/12\/WhatsApp-Image-2020-12-13-at-13.12.10-300x256.jpeg 300w, https:\/\/www.metqbilisim.com\/wp-content\/uploads\/2020\/12\/WhatsApp-Image-2020-12-13-at-13.12.10-768x656.jpeg 768w, https:\/\/www.metqbilisim.com\/wp-content\/uploads\/2020\/12\/WhatsApp-Image-2020-12-13-at-13.12.10-1536x1311.jpeg 1536w, https:\/\/www.metqbilisim.com\/wp-content\/uploads\/2020\/12\/WhatsApp-Image-2020-12-13-at-13.12.10-1200x1025.jpeg 1200w, https:\/\/www.metqbilisim.com\/wp-content\/uploads\/2020\/12\/WhatsApp-Image-2020-12-13-at-13.12.10.jpeg 1600w\" sizes=\"auto, (max-width: 1024px) 100vw, 1024px\" \/><\/figure><\/li><li class=\"blocks-gallery-item\"><figure><img loading=\"lazy\" decoding=\"async\" width=\"1024\" height=\"768\" src=\"http:\/\/www.metqbilisim.com\/wp-content\/uploads\/2020\/12\/WhatsApp-Image-2020-12-13-at-13.12.09-1024x768.jpeg\" alt=\"\" data-id=\"56\" data-full-url=\"http:\/\/www.metqbilisim.com\/wp-content\/uploads\/2020\/12\/WhatsApp-Image-2020-12-13-at-13.12.09.jpeg\" data-link=\"http:\/\/www.metqbilisim.com\/?attachment_id=56\" class=\"wp-image-56\" srcset=\"https:\/\/www.metqbilisim.com\/wp-content\/uploads\/2020\/12\/WhatsApp-Image-2020-12-13-at-13.12.09-1024x768.jpeg 1024w, https:\/\/www.metqbilisim.com\/wp-content\/uploads\/2020\/12\/WhatsApp-Image-2020-12-13-at-13.12.09-300x225.jpeg 300w, https:\/\/www.metqbilisim.com\/wp-content\/uploads\/2020\/12\/WhatsApp-Image-2020-12-13-at-13.12.09-768x576.jpeg 768w, https:\/\/www.metqbilisim.com\/wp-content\/uploads\/2020\/12\/WhatsApp-Image-2020-12-13-at-13.12.09-1536x1152.jpeg 1536w, https:\/\/www.metqbilisim.com\/wp-content\/uploads\/2020\/12\/WhatsApp-Image-2020-12-13-at-13.12.09-1200x900.jpeg 1200w, https:\/\/www.metqbilisim.com\/wp-content\/uploads\/2020\/12\/WhatsApp-Image-2020-12-13-at-13.12.09.jpeg 1600w\" sizes=\"auto, (max-width: 1024px) 100vw, 1024px\" \/><\/figure><\/li><li class=\"blocks-gallery-item\"><figure><img loading=\"lazy\" decoding=\"async\" width=\"1024\" height=\"768\" src=\"http:\/\/www.metqbilisim.com\/wp-content\/uploads\/2020\/12\/WhatsApp-Image-2020-12-13-at-13.12.08-1024x768.jpeg\" alt=\"\" data-id=\"57\" data-full-url=\"http:\/\/www.metqbilisim.com\/wp-content\/uploads\/2020\/12\/WhatsApp-Image-2020-12-13-at-13.12.08.jpeg\" data-link=\"http:\/\/www.metqbilisim.com\/?attachment_id=57\" class=\"wp-image-57\" srcset=\"https:\/\/www.metqbilisim.com\/wp-content\/uploads\/2020\/12\/WhatsApp-Image-2020-12-13-at-13.12.08-1024x768.jpeg 1024w, https:\/\/www.metqbilisim.com\/wp-content\/uploads\/2020\/12\/WhatsApp-Image-2020-12-13-at-13.12.08-300x225.jpeg 300w, https:\/\/www.metqbilisim.com\/wp-content\/uploads\/2020\/12\/WhatsApp-Image-2020-12-13-at-13.12.08-768x576.jpeg 768w, https:\/\/www.metqbilisim.com\/wp-content\/uploads\/2020\/12\/WhatsApp-Image-2020-12-13-at-13.12.08-1536x1152.jpeg 1536w, https:\/\/www.metqbilisim.com\/wp-content\/uploads\/2020\/12\/WhatsApp-Image-2020-12-13-at-13.12.08-1200x900.jpeg 1200w, https:\/\/www.metqbilisim.com\/wp-content\/uploads\/2020\/12\/WhatsApp-Image-2020-12-13-at-13.12.08.jpeg 1600w\" sizes=\"auto, (max-width: 1024px) 100vw, 1024px\" \/><\/figure><\/li><li class=\"blocks-gallery-item\"><figure><img loading=\"lazy\" decoding=\"async\" width=\"719\" height=\"1024\" src=\"http:\/\/www.metqbilisim.com\/wp-content\/uploads\/2020\/12\/WhatsApp-Image-2020-12-13-at-13.12.07-1-719x1024.jpeg\" alt=\"\" data-id=\"58\" data-full-url=\"http:\/\/www.metqbilisim.com\/wp-content\/uploads\/2020\/12\/WhatsApp-Image-2020-12-13-at-13.12.07-1.jpeg\" data-link=\"http:\/\/www.metqbilisim.com\/?attachment_id=58\" class=\"wp-image-58\" srcset=\"https:\/\/www.metqbilisim.com\/wp-content\/uploads\/2020\/12\/WhatsApp-Image-2020-12-13-at-13.12.07-1-719x1024.jpeg 719w, https:\/\/www.metqbilisim.com\/wp-content\/uploads\/2020\/12\/WhatsApp-Image-2020-12-13-at-13.12.07-1-211x300.jpeg 211w, https:\/\/www.metqbilisim.com\/wp-content\/uploads\/2020\/12\/WhatsApp-Image-2020-12-13-at-13.12.07-1-768x1094.jpeg 768w, https:\/\/www.metqbilisim.com\/wp-content\/uploads\/2020\/12\/WhatsApp-Image-2020-12-13-at-13.12.07-1.jpeg 778w\" sizes=\"auto, (max-width: 719px) 100vw, 719px\" \/><\/figure><\/li><\/ul><\/figure>\n","protected":false},"excerpt":{"rendered":"<p>YER\u0130NDE KE\u015e\u0130F G\u00fcvenlik kameras\u0131 sistemleri taleplerinizde yerinde ke\u015fif yap\u0131lmaktad\u0131r. Hangi g\u00fcvenlik kameras\u0131 nereye birlikte karar veriyoruz. Yap\u0131lan \u00f6l\u00e7\u00fcmler ve fikirleri not ediyoruz ve sonras\u0131nda kullanmak \u00fczere size sunuyoruz. Diz\u00fcst\u00fc Bilgisayar Teknik Servis Diz\u00fcst\u00fc bilgisayar tamiri hizmetlerimizi METQ Bili\u015fim olarak Hizmet vermeye devam ediyoruz. Notebook servisi, laptop servisi, laptop tamiri hizmetlerimizi g\u00fcvenilir ve i\u015finde uzman personelimiz [&hellip;]<\/p>\n","protected":false},"author":1,"featured_media":93,"parent":0,"menu_order":0,"comment_status":"closed","ping_status":"closed","template":"","meta":{"footnotes":""},"class_list":["post-6","page","type-page","status-publish","has-post-thumbnail","hentry"],"_links":{"self":[{"href":"https:\/\/www.metqbilisim.com\/index.php?rest_route=\/wp\/v2\/pages\/6","targetHints":{"allow":["GET"]}}],"collection":[{"href":"https:\/\/www.metqbilisim.com\/index.php?rest_route=\/wp\/v2\/pages"}],"about":[{"href":"https:\/\/www.metqbilisim.com\/index.php?rest_route=\/wp\/v2\/types\/page"}],"author":[{"embeddable":true,"href":"https:\/\/www.metqbilisim.com\/index.php?rest_route=\/wp\/v2\/users\/1"}],"replies":[{"embeddable":true,"href":"https:\/\/www.metqbilisim.com\/index.php?rest_route=%2Fwp%2Fv2%2Fcomments&post=6"}],"version-history":[{"count":8,"href":"https:\/\/www.metqbilisim.com\/index.php?rest_route=\/wp\/v2\/pages\/6\/revisions"}],"predecessor-version":[{"id":94,"href":"https:\/\/www.metqbilisim.com\/index.php?rest_route=\/wp\/v2\/pages\/6\/revisions\/94"}],"wp:featuredmedia":[{"embeddable":true,"href":"https:\/\/www.metqbilisim.com\/index.php?rest_route=\/wp\/v2\/media\/93"}],"wp:attachment":[{"href":"https:\/\/www.metqbilisim.com\/index.php?rest_route=%2Fwp%2Fv2%2Fmedia&parent=6"}],"curies":[{"name":"wp","href":"https:\/\/api.w.org\/{rel}","templated":true}]}}