{"id":7,"date":"2020-12-13T10:27:00","date_gmt":"2020-12-13T10:27:00","guid":{"rendered":"http:\/\/www.metqbilisim.com\/?page_id=7"},"modified":"2020-12-13T10:59:33","modified_gmt":"2020-12-13T10:59:33","slug":"hakkimizda","status":"publish","type":"page","link":"https:\/\/www.metqbilisim.com\/?page_id=7","title":{"rendered":"Hakk\u0131m\u0131zda"},"content":{"rendered":"\n<h2 class=\"wp-block-heading\">Biz Kimiz<\/h2>\n\n\n\n<p>Firmam\u0131z 5 Temmuz 2020 tarihinde HATAY\/Samanda\u011f\u2019 da kurulmu\u015ftur. Gen\u00e7 ve dinamik bir ekiple hedefimiz Bili\u015fim alan\u0131nda hizmet vermektir. Firmam\u0131z\u0131n temel prensibi ileri teknolojiyi hayat\u0131m\u0131za g\u00fcvenle entegre etmektir.<\/p>\n\n\n\n<p>Bu ama\u00e7la \u00e7\u0131kt\u0131\u011f\u0131m\u0131z yolda g\u00fcvenlik kamera sistemleri ba\u015fta olmak \u00fczere, bilgisayar teknik servis ve kurumsal bili\u015fim destek hizmetlerini sunmaktay\u0131z. Bir i\u015fletmenin ihtiya\u00e7 duyaca\u011f\u0131 t\u00fcm bili\u015fim deste\u011fini tek bir noktadan sa\u011flayarak daha g\u00fcvenli ve sa\u011fl\u0131kl\u0131 bili\u015fim altyap\u0131s\u0131 tasarlamaktay\u0131z. G\u00fcvenlik sistemleri alan\u0131nda&nbsp;<strong>Fujitron, Hikvision, Neutron&nbsp;ve&nbsp;Cenova<\/strong>&nbsp;bayiliklerimiz mevcuttur. Bili\u015fim alan\u0131nda ise<strong>&nbsp;CCNA&nbsp;<\/strong>gibi ge\u00e7erlili\u011fi y\u00fcksek olan sertifikalara sahip ekibimizle hizmet etmekteyiz.<\/p>\n\n\n\n<h3 class=\"wp-block-heading\">Misyonumuz<\/h3>\n\n\n\n<p>H\u0131zla geli\u015fen teknolojiyi yak\u0131n takip ederken, bu teknoloji \u00fczerinde i\u015flenen ki\u015fisel ve kurumsal bilginin g\u00fcvenli\u011fini sa\u011flamak, vizyoner bak\u0131\u015f a\u00e7\u0131s\u0131 ile gelece\u011fin bili\u015fim altyap\u0131s\u0131n\u0131 kurumlara kazand\u0131rmak ve teknolojik s\u0131\u00e7ramalarda onlara destek olmak ve t\u00fcm bunlar\u0131 yaparken t\u00fcm \u00e7al\u0131\u015fanlar\u0131 ile d\u00fcr\u00fcstl\u00fckten asla taviz vermemektir.<\/p>\n\n\n\n<h3 class=\"wp-block-heading\">Vizyonumuz<\/h3>\n\n\n\n<p>Bili\u015fim sekt\u00f6r\u00fcne y\u00f6n veren, gelece\u011fi tasarlamaya aday kadrolar\u0131 bar\u0131nd\u0131ran, \u00fclkemizin kalk\u0131nmas\u0131na katk\u0131 sa\u011flayan kurumlar\u0131 gelece\u011fe haz\u0131rlayan, ald\u0131\u011f\u0131 her i\u015fte %100 m\u00fc\u015fteri memnuniyeti oran\u0131n\u0131 yakalayan bir firma olmakt\u0131r.<\/p>\n","protected":false},"excerpt":{"rendered":"<p>Biz Kimiz Firmam\u0131z 5 Temmuz 2020 tarihinde HATAY\/Samanda\u011f\u2019 da kurulmu\u015ftur. Gen\u00e7 ve dinamik bir ekiple hedefimiz Bili\u015fim alan\u0131nda hizmet vermektir. Firmam\u0131z\u0131n temel prensibi ileri teknolojiyi hayat\u0131m\u0131za g\u00fcvenle entegre etmektir. Bu ama\u00e7la \u00e7\u0131kt\u0131\u011f\u0131m\u0131z yolda g\u00fcvenlik kamera sistemleri ba\u015fta olmak \u00fczere, bilgisayar teknik servis ve kurumsal bili\u015fim destek hizmetlerini sunmaktay\u0131z. Bir i\u015fletmenin ihtiya\u00e7 duyaca\u011f\u0131 t\u00fcm bili\u015fim deste\u011fini [&hellip;]<\/p>\n","protected":false},"author":1,"featured_media":0,"parent":0,"menu_order":0,"comment_status":"closed","ping_status":"closed","template":"","meta":{"footnotes":""},"class_list":["post-7","page","type-page","status-publish","hentry"],"_links":{"self":[{"href":"https:\/\/www.metqbilisim.com\/index.php?rest_route=\/wp\/v2\/pages\/7","targetHints":{"allow":["GET"]}}],"collection":[{"href":"https:\/\/www.metqbilisim.com\/index.php?rest_route=\/wp\/v2\/pages"}],"about":[{"href":"https:\/\/www.metqbilisim.com\/index.php?rest_route=\/wp\/v2\/types\/page"}],"author":[{"embeddable":true,"href":"https:\/\/www.metqbilisim.com\/index.php?rest_route=\/wp\/v2\/users\/1"}],"replies":[{"embeddable":true,"href":"https:\/\/www.metqbilisim.com\/index.php?rest_route=%2Fwp%2Fv2%2Fcomments&post=7"}],"version-history":[{"count":3,"href":"https:\/\/www.metqbilisim.com\/index.php?rest_route=\/wp\/v2\/pages\/7\/revisions"}],"predecessor-version":[{"id":45,"href":"https:\/\/www.metqbilisim.com\/index.php?rest_route=\/wp\/v2\/pages\/7\/revisions\/45"}],"wp:attachment":[{"href":"https:\/\/www.metqbilisim.com\/index.php?rest_route=%2Fwp%2Fv2%2Fmedia&parent=7"}],"curies":[{"name":"wp","href":"https:\/\/api.w.org\/{rel}","templated":true}]}}